{"id":568,"date":"2018-10-01T13:09:39","date_gmt":"2018-10-01T13:09:39","guid":{"rendered":"http:\/\/www.petersburgcafe.com\/index.php\/home\/"},"modified":"2023-02-18T20:31:48","modified_gmt":"2023-02-18T20:31:48","slug":"home","status":"publish","type":"page","link":"http:\/\/www.petersburgcafe.com\/","title":{"rendered":"Ana Sayfa"},"content":{"rendered":"\t\t<div data-elementor-type=\"wp-post\" data-elementor-id=\"568\" class=\"elementor elementor-568\">\n\t\t\t\t\t\t\t\t\t<section class=\"elementor-section elementor-top-section elementor-element elementor-element-3c635b68 elementor-section-height-min-height elementor-section-content-middle elementor-section-boxed elementor-section-height-default elementor-section-items-middle\" data-id=\"3c635b68\" data-element_type=\"section\" data-settings=\"{&quot;background_background&quot;:&quot;video&quot;,&quot;shape_divider_bottom&quot;:&quot;mountains&quot;,&quot;background_video_link&quot;:&quot;https:\\\/\\\/www.youtube.com\\\/watch?v=GxHyTMZ1bsI&quot;,&quot;background_play_on_mobile&quot;:&quot;yes&quot;}\">\n\t\t\t\t\t\t\t\t<div class=\"elementor-background-video-container\">\n\t\t\t\t\t\t\t\t\t\t\t\t\t<div class=\"elementor-background-video-embed\"><\/div>\n\t\t\t\t\t\t\t\t\t\t\t\t<\/div>\n\t\t\t\t\t\t\t\t\t<div class=\"elementor-background-overlay\"><\/div>\n\t\t\t\t\t\t<div class=\"elementor-shape elementor-shape-bottom\" data-negative=\"false\">\n\t\t\t<svg xmlns=\"http:\/\/www.w3.org\/2000\/svg\" viewBox=\"0 0 1000 100\" preserveAspectRatio=\"none\">\n\t<path class=\"elementor-shape-fill\" opacity=\"0.33\" d=\"M473,67.3c-203.9,88.3-263.1-34-320.3,0C66,119.1,0,59.7,0,59.7V0h1000v59.7 c0,0-62.1,26.1-94.9,29.3c-32.8,3.3-62.8-12.3-75.8-22.1C806,49.6,745.3,8.7,694.9,4.7S492.4,59,473,67.3z\"\/>\n\t<path class=\"elementor-shape-fill\" opacity=\"0.66\" d=\"M734,67.3c-45.5,0-77.2-23.2-129.1-39.1c-28.6-8.7-150.3-10.1-254,39.1 s-91.7-34.4-149.2,0C115.7,118.3,0,39.8,0,39.8V0h1000v36.5c0,0-28.2-18.5-92.1-18.5C810.2,18.1,775.7,67.3,734,67.3z\"\/>\n\t<path class=\"elementor-shape-fill\" d=\"M766.1,28.9c-200-57.5-266,65.5-395.1,19.5C242,1.8,242,5.4,184.8,20.6C128,35.8,132.3,44.9,89.9,52.5C28.6,63.7,0,0,0,0 h1000c0,0-9.9,40.9-83.6,48.1S829.6,47,766.1,28.9z\"\/>\n<\/svg>\t\t<\/div>\n\t\t\t\t\t<div class=\"elementor-container elementor-column-gap-extended\">\n\t\t\t\t\t<div class=\"elementor-column elementor-col-16 elementor-top-column elementor-element elementor-element-524b0677\" data-id=\"524b0677\" data-element_type=\"column\">\n\t\t\t<div class=\"elementor-widget-wrap\">\n\t\t\t\t\t\t\t\t\t<\/div>\n\t\t<\/div>\n\t\t\t\t<div class=\"elementor-column elementor-col-66 elementor-top-column elementor-element elementor-element-2f23f96\" data-id=\"2f23f96\" data-element_type=\"column\">\n\t\t\t<div class=\"elementor-widget-wrap elementor-element-populated\">\n\t\t\t\t\t\t\t\t<div class=\"elementor-element elementor-element-459f92f3 elementor-widget elementor-widget-image\" data-id=\"459f92f3\" data-element_type=\"widget\" data-widget_type=\"image.default\">\n\t\t\t\t<div class=\"elementor-widget-container\">\n\t\t\t<style>\/*! elementor - v3.7.6 - 15-09-2022 *\/\n.elementor-widget-image{text-align:center}.elementor-widget-image a{display:inline-block}.elementor-widget-image a img[src$=\".svg\"]{width:48px}.elementor-widget-image img{vertical-align:middle;display:inline-block}<\/style>\t\t\t\t\t\t\t\t\t\t\t\t<img width=\"200\" height=\"35\" src=\"http:\/\/www.petersburgcafe.com\/wp-content\/uploads\/2022\/09\/divider-free-img-1.png\" class=\"attachment-full size-full\" alt=\"\" loading=\"lazy\" \/>\t\t\t\t\t\t\t\t\t\t\t\t\t\t\t<\/div>\n\t\t\t\t<\/div>\n\t\t\t\t<div class=\"elementor-element elementor-element-2e85edff elementor-invisible elementor-widget elementor-widget-heading\" data-id=\"2e85edff\" data-element_type=\"widget\" data-settings=\"{&quot;_animation&quot;:&quot;fadeInDown&quot;}\" data-widget_type=\"heading.default\">\n\t\t\t\t<div class=\"elementor-widget-container\">\n\t\t\t<style>\/*! elementor - v3.7.6 - 15-09-2022 *\/\n.elementor-heading-title{padding:0;margin:0;line-height:1}.elementor-widget-heading .elementor-heading-title[class*=elementor-size-]>a{color:inherit;font-size:inherit;line-height:inherit}.elementor-widget-heading .elementor-heading-title.elementor-size-small{font-size:15px}.elementor-widget-heading .elementor-heading-title.elementor-size-medium{font-size:19px}.elementor-widget-heading .elementor-heading-title.elementor-size-large{font-size:29px}.elementor-widget-heading .elementor-heading-title.elementor-size-xl{font-size:39px}.elementor-widget-heading .elementor-heading-title.elementor-size-xxl{font-size:59px}<\/style><h3 class=\"elementor-heading-title elementor-size-default\">\u015eEHR\u0130N EN \u0130Y\u0130S\u0130<\/h3>\t\t<\/div>\n\t\t\t\t<\/div>\n\t\t\t\t<div class=\"elementor-element elementor-element-25809d89 elementor-invisible elementor-widget elementor-widget-heading\" data-id=\"25809d89\" data-element_type=\"widget\" data-settings=\"{&quot;_animation&quot;:&quot;fadeInDown&quot;,&quot;_animation_delay&quot;:200}\" data-widget_type=\"heading.default\">\n\t\t\t\t<div class=\"elementor-widget-container\">\n\t\t\t<h1 class=\"elementor-heading-title elementor-size-default\">D\u00dcNYA MUTFA\u011eI<\/h1>\t\t<\/div>\n\t\t\t\t<\/div>\n\t\t\t\t<div class=\"elementor-element elementor-element-1cb0aab7 elementor-hidden-phone elementor-invisible elementor-widget elementor-widget-text-editor\" data-id=\"1cb0aab7\" data-element_type=\"widget\" data-settings=\"{&quot;_animation&quot;:&quot;fadeInUp&quot;,&quot;_animation_delay&quot;:400}\" data-widget_type=\"text-editor.default\">\n\t\t\t\t<div class=\"elementor-widget-container\">\n\t\t\t<style>\/*! elementor - v3.7.6 - 15-09-2022 *\/\n.elementor-widget-text-editor.elementor-drop-cap-view-stacked .elementor-drop-cap{background-color:#818a91;color:#fff}.elementor-widget-text-editor.elementor-drop-cap-view-framed .elementor-drop-cap{color:#818a91;border:3px solid;background-color:transparent}.elementor-widget-text-editor:not(.elementor-drop-cap-view-default) .elementor-drop-cap{margin-top:8px}.elementor-widget-text-editor:not(.elementor-drop-cap-view-default) .elementor-drop-cap-letter{width:1em;height:1em}.elementor-widget-text-editor .elementor-drop-cap{float:left;text-align:center;line-height:1;font-size:50px}.elementor-widget-text-editor .elementor-drop-cap-letter{display:inline-block}<\/style>\t\t\t\t<p>D\u00dcNYA MUTFA\u011eINDAN E\u015eS\u0130Z LEZZETLER, Y\u00d6RESEL YEMEKLER VE \u00c7OK DAHA FAZLASI<\/p>\t\t\t\t\t\t<\/div>\n\t\t\t\t<\/div>\n\t\t\t\t<div class=\"elementor-element elementor-element-a244721 elementor-align-center elementor-widget elementor-widget-button\" data-id=\"a244721\" data-element_type=\"widget\" data-widget_type=\"button.default\">\n\t\t\t\t<div class=\"elementor-widget-container\">\n\t\t\t\t\t<div class=\"elementor-button-wrapper\">\n\t\t\t<a href=\"http:\/\/www.petersburgcafe.com\/index.php\/menu\/\" class=\"elementor-button-link elementor-button elementor-size-sm\" role=\"button\">\n\t\t\t\t\t\t<span class=\"elementor-button-content-wrapper\">\n\t\t\t\t\t\t<span class=\"elementor-button-text\">MEN\u00dc<\/span>\n\t\t<\/span>\n\t\t\t\t\t<\/a>\n\t\t<\/div>\n\t\t\t\t<\/div>\n\t\t\t\t<\/div>\n\t\t\t\t\t<\/div>\n\t\t<\/div>\n\t\t\t\t<div class=\"elementor-column elementor-col-16 elementor-top-column elementor-element elementor-element-652f3c83\" data-id=\"652f3c83\" data-element_type=\"column\">\n\t\t\t<div class=\"elementor-widget-wrap\">\n\t\t\t\t\t\t\t\t\t<\/div>\n\t\t<\/div>\n\t\t\t\t\t\t\t<\/div>\n\t\t<\/section>\n\t\t\t\t<section class=\"elementor-section elementor-top-section elementor-element elementor-element-14f1821f elementor-section-content-middle elementor-section-boxed elementor-section-height-default elementor-section-height-default\" data-id=\"14f1821f\" data-element_type=\"section\" data-settings=\"{&quot;background_background&quot;:&quot;classic&quot;}\">\n\t\t\t\t\t\t\t<div class=\"elementor-background-overlay\"><\/div>\n\t\t\t\t\t\t\t<div class=\"elementor-container elementor-column-gap-extended\">\n\t\t\t\t\t<div class=\"elementor-column elementor-col-33 elementor-top-column elementor-element elementor-element-8a0b65\" data-id=\"8a0b65\" data-element_type=\"column\" data-settings=\"{&quot;background_background&quot;:&quot;classic&quot;}\">\n\t\t\t<div class=\"elementor-widget-wrap elementor-element-populated\">\n\t\t\t\t\t\t\t\t<div class=\"elementor-element elementor-element-825bad8 elementor-invisible elementor-widget elementor-widget-heading\" data-id=\"825bad8\" data-element_type=\"widget\" data-settings=\"{&quot;_animation&quot;:&quot;fadeInDown&quot;}\" data-widget_type=\"heading.default\">\n\t\t\t\t<div class=\"elementor-widget-container\">\n\t\t\t<h2 class=\"elementor-heading-title elementor-size-default\">PETERSBURG<\/h2>\t\t<\/div>\n\t\t\t\t<\/div>\n\t\t\t\t<div class=\"elementor-element elementor-element-b7c6bcb elementor-widget elementor-widget-image\" data-id=\"b7c6bcb\" data-element_type=\"widget\" data-widget_type=\"image.default\">\n\t\t\t\t<div class=\"elementor-widget-container\">\n\t\t\t\t\t\t\t\t\t\t\t\t\t\t\t<img width=\"200\" height=\"35\" src=\"http:\/\/www.petersburgcafe.com\/wp-content\/uploads\/2022\/09\/divider-free-img-1.png\" class=\"attachment-full size-full\" alt=\"\" loading=\"lazy\" \/>\t\t\t\t\t\t\t\t\t\t\t\t\t\t\t<\/div>\n\t\t\t\t<\/div>\n\t\t\t\t<div class=\"elementor-element elementor-element-2b32d2f elementor-widget elementor-widget-heading\" data-id=\"2b32d2f\" data-element_type=\"widget\" data-widget_type=\"heading.default\">\n\t\t\t\t<div class=\"elementor-widget-container\">\n\t\t\t<h6 class=\"elementor-heading-title elementor-size-default\">LEZZET H\u0130KAYEM\u0130Z<\/h6>\t\t<\/div>\n\t\t\t\t<\/div>\n\t\t\t\t<div class=\"elementor-element elementor-element-6130385 elementor-widget elementor-widget-text-editor\" data-id=\"6130385\" data-element_type=\"widget\" data-widget_type=\"text-editor.default\">\n\t\t\t\t<div class=\"elementor-widget-container\">\n\t\t\t\t\t\t\t<p>Kars&#8217;tan ba\u015flay\u0131p t\u00fcm T\u00fcrkiye&#8217;ye uzanan bir lezzet hikayesi.<\/p>\t\t\t\t\t\t<\/div>\n\t\t\t\t<\/div>\n\t\t\t\t<div class=\"elementor-element elementor-element-736089bd elementor-widget elementor-widget-text-editor\" data-id=\"736089bd\" data-element_type=\"widget\" data-widget_type=\"text-editor.default\">\n\t\t\t\t<div class=\"elementor-widget-container\">\n\t\t\t\t\t\t\t<p>Kurulu\u015fumuzdan buyana en b\u00fcy\u00fck mottomuz <a>Lezzet<\/a>\u00a0olmu\u015ftur. Lezzetin\u00a0 tarifi de sevmekten ge\u00e7iyor.Biz i\u015fimizi her zaman severek yapt\u0131k, yapmaya da devam ediyoruz. Geleneksel \u00fcretim metodlar\u0131m\u0131z ile geli\u015fen modern \u00fcretim metodlar\u0131n\u0131 harmanlad\u0131k. Y\u0131llar i\u00e7erisinde olu\u015fturdu\u011fumuz re\u00e7etelerimize sad\u0131k kal\u0131p\u00a0 Lezzetten ve kaliteden hi\u00e7bir zaman \u00f6d\u00fcn vermedik.\u00a0<\/p>\t\t\t\t\t\t<\/div>\n\t\t\t\t<\/div>\n\t\t\t\t\t<\/div>\n\t\t<\/div>\n\t\t\t\t<div class=\"elementor-column elementor-col-33 elementor-top-column elementor-element elementor-element-6503f8ad\" data-id=\"6503f8ad\" data-element_type=\"column\">\n\t\t\t<div class=\"elementor-widget-wrap elementor-element-populated\">\n\t\t\t\t\t\t\t\t<div class=\"elementor-element elementor-element-67c9220 elementor-aspect-ratio-916 elementor-widget elementor-widget-video\" data-id=\"67c9220\" data-element_type=\"widget\" data-settings=\"{&quot;video_type&quot;:&quot;hosted&quot;,&quot;start&quot;:0,&quot;end&quot;:3,&quot;autoplay&quot;:&quot;yes&quot;,&quot;play_on_mobile&quot;:&quot;yes&quot;,&quot;loop&quot;:&quot;yes&quot;,&quot;aspect_ratio&quot;:&quot;916&quot;}\" data-widget_type=\"video.default\">\n\t\t\t\t<div class=\"elementor-widget-container\">\n\t\t\t<style>\/*! elementor - v3.7.6 - 15-09-2022 *\/\n.elementor-widget-video .elementor-widget-container{overflow:hidden;-webkit-transform:translateZ(0);transform:translateZ(0)}.elementor-widget-video .elementor-open-inline .elementor-custom-embed-image-overlay{position:absolute;top:0;left:0;width:100%;height:100%;background-size:cover;background-position:50%}.elementor-widget-video .elementor-custom-embed-image-overlay{cursor:pointer;text-align:center}.elementor-widget-video .elementor-custom-embed-image-overlay:hover .elementor-custom-embed-play i{opacity:1}.elementor-widget-video .elementor-custom-embed-image-overlay img{display:block;width:100%}.elementor-widget-video .e-hosted-video .elementor-video{-o-object-fit:cover;object-fit:cover}.e-container>.elementor-widget-video{width:var(--container-widget-width,100%)}<\/style>\t\t<div class=\"e-hosted-video elementor-wrapper elementor-fit-aspect-ratio elementor-open-inline\">\n\t\t\t\t\t<video class=\"elementor-video\" src=\"http:\/\/www.petersburgcafe.com\/wp-content\/uploads\/2022\/09\/petersburgkahvalti.mp4#t=,3\" autoplay=\"\" loop=\"\" playsinline=\"\" controlsList=\"nodownload\"><\/video>\n\t\t\t\t<\/div>\n\t\t\t\t<\/div>\n\t\t\t\t<\/div>\n\t\t\t\t\t<\/div>\n\t\t<\/div>\n\t\t\t\t<div class=\"elementor-column elementor-col-33 elementor-top-column elementor-element elementor-element-3e82b1fe\" data-id=\"3e82b1fe\" data-element_type=\"column\">\n\t\t\t<div class=\"elementor-widget-wrap elementor-element-populated\">\n\t\t\t\t\t\t\t\t<div class=\"elementor-element elementor-element-7c99da1 elementor-aspect-ratio-916 elementor-widget elementor-widget-video\" data-id=\"7c99da1\" data-element_type=\"widget\" data-settings=\"{&quot;video_type&quot;:&quot;hosted&quot;,&quot;start&quot;:0,&quot;end&quot;:3,&quot;autoplay&quot;:&quot;yes&quot;,&quot;play_on_mobile&quot;:&quot;yes&quot;,&quot;loop&quot;:&quot;yes&quot;,&quot;aspect_ratio&quot;:&quot;916&quot;}\" data-widget_type=\"video.default\">\n\t\t\t\t<div class=\"elementor-widget-container\">\n\t\t\t\t\t<div class=\"e-hosted-video elementor-wrapper elementor-fit-aspect-ratio elementor-open-inline\">\n\t\t\t\t\t<video class=\"elementor-video\" src=\"http:\/\/www.petersburgcafe.com\/wp-content\/uploads\/2022\/09\/petersburgsteak.mp4#t=,3\" autoplay=\"\" loop=\"\" playsinline=\"\" controlsList=\"nodownload\"><\/video>\n\t\t\t\t<\/div>\n\t\t\t\t<\/div>\n\t\t\t\t<\/div>\n\t\t\t\t\t<\/div>\n\t\t<\/div>\n\t\t\t\t\t\t\t<\/div>\n\t\t<\/section>\n\t\t\t\t<section class=\"elementor-section elementor-top-section elementor-element elementor-element-5c6d1622 elementor-section-boxed elementor-section-height-default elementor-section-height-default\" data-id=\"5c6d1622\" data-element_type=\"section\" data-settings=\"{&quot;background_background&quot;:&quot;classic&quot;,&quot;shape_divider_top&quot;:&quot;opacity-fan&quot;}\">\n\t\t\t\t\t\t\t<div class=\"elementor-background-overlay\"><\/div>\n\t\t\t\t\t\t<div class=\"elementor-shape elementor-shape-top\" data-negative=\"false\">\n\t\t\t<svg xmlns=\"http:\/\/www.w3.org\/2000\/svg\" viewBox=\"0 0 283.5 19.6\" preserveAspectRatio=\"none\">\n\t<path class=\"elementor-shape-fill\" style=\"opacity:0.33\" d=\"M0 0L0 18.8 141.8 4.1 283.5 18.8 283.5 0z\"\/>\n\t<path class=\"elementor-shape-fill\" style=\"opacity:0.33\" d=\"M0 0L0 12.6 141.8 4 283.5 12.6 283.5 0z\"\/>\n\t<path class=\"elementor-shape-fill\" style=\"opacity:0.33\" d=\"M0 0L0 6.4 141.8 4 283.5 6.4 283.5 0z\"\/>\n\t<path class=\"elementor-shape-fill\" d=\"M0 0L0 1.2 141.8 4 283.5 1.2 283.5 0z\"\/>\n<\/svg>\t\t<\/div>\n\t\t\t\t\t<div class=\"elementor-container elementor-column-gap-no\">\n\t\t\t\t\t<div class=\"elementor-column elementor-col-100 elementor-top-column elementor-element elementor-element-4bb2fb36\" data-id=\"4bb2fb36\" data-element_type=\"column\">\n\t\t\t<div class=\"elementor-widget-wrap elementor-element-populated\">\n\t\t\t\t\t\t\t\t<section class=\"elementor-section elementor-inner-section elementor-element elementor-element-61a53baf elementor-section-boxed elementor-section-height-default elementor-section-height-default\" data-id=\"61a53baf\" data-element_type=\"section\">\n\t\t\t\t\t\t<div class=\"elementor-container elementor-column-gap-default\">\n\t\t\t\t\t<div class=\"elementor-column elementor-col-100 elementor-inner-column elementor-element elementor-element-3f1e3a4c\" data-id=\"3f1e3a4c\" data-element_type=\"column\">\n\t\t\t<div class=\"elementor-widget-wrap elementor-element-populated\">\n\t\t\t\t\t\t\t\t<div class=\"elementor-element elementor-element-2a0a75a1 elementor-invisible elementor-widget elementor-widget-heading\" data-id=\"2a0a75a1\" data-element_type=\"widget\" data-settings=\"{&quot;_animation&quot;:&quot;fadeInDown&quot;}\" data-widget_type=\"heading.default\">\n\t\t\t\t<div class=\"elementor-widget-container\">\n\t\t\t<h2 class=\"elementor-heading-title elementor-size-default\">KAHVALTIYA YEN\u0130 B\u0130R BAKI\u015e A\u00c7ISI<\/h2>\t\t<\/div>\n\t\t\t\t<\/div>\n\t\t\t\t<div class=\"elementor-element elementor-element-bf6d0c8 elementor-widget elementor-widget-heading\" data-id=\"bf6d0c8\" data-element_type=\"widget\" data-widget_type=\"heading.default\">\n\t\t\t\t<div class=\"elementor-widget-container\">\n\t\t\t<h6 class=\"elementor-heading-title elementor-size-default\">BAZILARI \u0130\u00c7\u0130N BAS\u0130T B\u0130R \u00d6\u011e\u00dcN OLAN KAHVALTI B\u0130Z\u0130M \u0130\u00c7\u0130N BAMBA\u015eKA B\u0130R YERDE<br>HER SABAH TAZE \u00dcR\u00dcNLER\u0130M\u0130Z VE B\u00dcY\u00dcK A\u015eKLA HAZIRLADI\u011eIMIZ KAHVALTIMIZ \u0130\u00c7\u0130N S\u0130Z\u0130 BEKL\u0130YORUZ<\/h6>\t\t<\/div>\n\t\t\t\t<\/div>\n\t\t\t\t<div class=\"elementor-element elementor-element-532da9aa elementor-widget elementor-widget-image\" data-id=\"532da9aa\" data-element_type=\"widget\" data-widget_type=\"image.default\">\n\t\t\t\t<div class=\"elementor-widget-container\">\n\t\t\t\t\t\t\t\t\t\t\t\t\t\t\t<img width=\"200\" height=\"35\" src=\"http:\/\/www.petersburgcafe.com\/wp-content\/uploads\/2022\/09\/divider-free-img-1.png\" class=\"attachment-full size-full\" alt=\"\" loading=\"lazy\" \/>\t\t\t\t\t\t\t\t\t\t\t\t\t\t\t<\/div>\n\t\t\t\t<\/div>\n\t\t\t\t\t<\/div>\n\t\t<\/div>\n\t\t\t\t\t\t\t<\/div>\n\t\t<\/section>\n\t\t\t\t\t<\/div>\n\t\t<\/div>\n\t\t\t\t\t\t\t<\/div>\n\t\t<\/section>\n\t\t\t\t<section class=\"elementor-section elementor-top-section elementor-element elementor-element-9c54dae elementor-section-boxed elementor-section-height-default elementor-section-height-default\" data-id=\"9c54dae\" data-element_type=\"section\">\n\t\t\t\t\t\t<div class=\"elementor-container elementor-column-gap-default\">\n\t\t\t\t\t<div class=\"elementor-column elementor-col-100 elementor-top-column elementor-element elementor-element-2151a47\" data-id=\"2151a47\" data-element_type=\"column\">\n\t\t\t<div class=\"elementor-widget-wrap elementor-element-populated\">\n\t\t\t\t\t\t\t\t<div class=\"elementor-element elementor-element-47be550 elementor-widget elementor-widget-google_maps\" data-id=\"47be550\" data-element_type=\"widget\" data-widget_type=\"google_maps.default\">\n\t\t\t\t<div class=\"elementor-widget-container\">\n\t\t\t<style>\/*! elementor - v3.7.6 - 15-09-2022 *\/\n.elementor-widget-google_maps .elementor-widget-container{overflow:hidden}.elementor-widget-google_maps iframe{height:300px}<\/style>\t\t<div class=\"elementor-custom-embed\">\n\t\t\t<iframe frameborder=\"0\" scrolling=\"no\" marginheight=\"0\" marginwidth=\"0\"\n\t\t\t\t\tsrc=\"https:\/\/maps.google.com\/maps?q=Haydar%20Aliyev%20Cd.%20No%3A80%2C%20Ortakap%C4%B1%2C%2036000%20Kars%20Merkez%2FKars&#038;t=m&#038;z=16&#038;output=embed&#038;iwloc=near\"\n\t\t\t\t\ttitle=\"Haydar Aliyev Cd. No:80, Ortakap\u0131, 36000 Kars Merkez\/Kars\"\n\t\t\t\t\taria-label=\"Haydar Aliyev Cd. No:80, Ortakap\u0131, 36000 Kars Merkez\/Kars\"\n\t\t\t><\/iframe>\n\t\t<\/div>\n\t\t\t\t<\/div>\n\t\t\t\t<\/div>\n\t\t\t\t\t<\/div>\n\t\t<\/div>\n\t\t\t\t\t\t\t<\/div>\n\t\t<\/section>\n\t\t\t\t\t\t\t<\/div>\n\t\t","protected":false},"excerpt":{"rendered":"<p>\u015eEHR\u0130N EN \u0130Y\u0130S\u0130 D\u00dcNYA MUTFA\u011eI D\u00dcNYA MUTFA\u011eINDAN E\u015eS\u0130Z LEZZETLER, Y\u00d6RESEL YEMEKLER VE \u00c7OK DAHA FAZLASI MEN\u00dc PETERSBURG LEZZET H\u0130KAYEM\u0130Z Kars&#8217;tan ba\u015flay\u0131p t\u00fcm T\u00fcrkiye&#8217;ye uzanan bir lezzet hikayesi. Kurulu\u015fumuzdan buyana en b\u00fcy\u00fck mottomuz Lezzet\u00a0olmu\u015ftur. Lezzetin\u00a0 tarifi de sevmekten ge\u00e7iyor.Biz i\u015fimizi her zaman severek yapt\u0131k, yapmaya da devam ediyoruz. Geleneksel \u00fcretim metodlar\u0131m\u0131z ile geli\u015fen modern \u00fcretim metodlar\u0131n\u0131 &hellip;<\/p>\n<p class=\"read-more\"> <a class=\"\" href=\"http:\/\/www.petersburgcafe.com\/\"> <span class=\"screen-reader-text\">Ana Sayfa<\/span> Devam\u0131 &raquo;<\/a><\/p>\n","protected":false},"author":1,"featured_media":0,"parent":0,"menu_order":1,"comment_status":"closed","ping_status":"closed","template":"","meta":{"site-sidebar-layout":"no-sidebar","site-content-layout":"page-builder","ast-global-header-display":"","ast-main-header-display":"","ast-hfb-above-header-display":"","ast-hfb-below-header-display":"","ast-hfb-mobile-header-display":"","site-post-title":"disabled","ast-breadcrumbs-content":"","ast-featured-img":"disabled","footer-sml-layout":"","theme-transparent-header-meta":"","adv-header-id-meta":"","stick-header-meta":"","header-above-stick-meta":"","header-main-stick-meta":"","header-below-stick-meta":""},"_links":{"self":[{"href":"http:\/\/www.petersburgcafe.com\/index.php\/wp-json\/wp\/v2\/pages\/568"}],"collection":[{"href":"http:\/\/www.petersburgcafe.com\/index.php\/wp-json\/wp\/v2\/pages"}],"about":[{"href":"http:\/\/www.petersburgcafe.com\/index.php\/wp-json\/wp\/v2\/types\/page"}],"author":[{"embeddable":true,"href":"http:\/\/www.petersburgcafe.com\/index.php\/wp-json\/wp\/v2\/users\/1"}],"replies":[{"embeddable":true,"href":"http:\/\/www.petersburgcafe.com\/index.php\/wp-json\/wp\/v2\/comments?post=568"}],"version-history":[{"count":62,"href":"http:\/\/www.petersburgcafe.com\/index.php\/wp-json\/wp\/v2\/pages\/568\/revisions"}],"predecessor-version":[{"id":698,"href":"http:\/\/www.petersburgcafe.com\/index.php\/wp-json\/wp\/v2\/pages\/568\/revisions\/698"}],"wp:attachment":[{"href":"http:\/\/www.petersburgcafe.com\/index.php\/wp-json\/wp\/v2\/media?parent=568"}],"curies":[{"name":"wp","href":"https:\/\/api.w.org\/{rel}","templated":true}]}}